{"id":91,"date":"2020-05-31T22:41:31","date_gmt":"2020-05-31T20:41:31","guid":{"rendered":"https:\/\/www.csikszentmihaly.ro\/plebania\/?page_id=91"},"modified":"2024-02-05T22:57:34","modified_gmt":"2024-02-05T20:57:34","slug":"ajnadi-filia","status":"publish","type":"page","link":"https:\/\/www.szentmihaly.ro\/index.php\/ajnadi-filia\/","title":{"rendered":"Ajn\u00e1di filia"},"content":{"rendered":"\n<p>Cs\u00edkajn\u00e1d els\u0151 templom\u00e1t 1514-ben a Bern\u00e1ld-csal\u00e1d \u00e9p\u00edttette, ezt kib\u0151v\u00edtett\u00e9k, a jelenlegi templom 1846-ban \u00e9p\u00fclt. <\/p>\n\n\n\n<p>Az egyh\u00e1zk\u00f6zs\u00e9g&nbsp;<strong>v\u00e9d\u0151szentje Szent Istv\u00e1n kir\u00e1ly<\/strong>, akinek \u00fcnnep\u00e9n augusztus 20-\u00e1n tartunk b\u00facs\u00fa\u00fcnneps\u00e9get.<\/p>\n\n\n\n<figure class=\"wp-block-image size-large\"><img loading=\"lazy\" decoding=\"async\" width=\"683\" height=\"1024\" src=\"https:\/\/www.csikszentmihaly.ro\/plebania\/wp-content\/uploads\/2020\/06\/ajn\u00e1di-templom-683x1024.jpg\" alt=\"\" class=\"wp-image-303\" srcset=\"https:\/\/www.szentmihaly.ro\/wp-content\/uploads\/2020\/06\/ajn\u00e1di-templom-683x1024.jpg 683w, https:\/\/www.szentmihaly.ro\/wp-content\/uploads\/2020\/06\/ajn\u00e1di-templom-200x300.jpg 200w, https:\/\/www.szentmihaly.ro\/wp-content\/uploads\/2020\/06\/ajn\u00e1di-templom-768x1152.jpg 768w, https:\/\/www.szentmihaly.ro\/wp-content\/uploads\/2020\/06\/ajn\u00e1di-templom-1024x1536.jpg 1024w, https:\/\/www.szentmihaly.ro\/wp-content\/uploads\/2020\/06\/ajn\u00e1di-templom-1365x2048.jpg 1365w, https:\/\/www.szentmihaly.ro\/wp-content\/uploads\/2020\/06\/ajn\u00e1di-templom-scaled.jpg 1707w\" sizes=\"auto, (max-width: 683px) 100vw, 683px\" \/><\/figure>\n\n\n\n<p><strong>Ajn\u00e1don<\/strong> vas\u00e1rnap \u00e9s \u00fcnnepnap 9-t\u0151l szentmise, h\u00e9tk\u00f6znap kedden \u00e9s p\u00e9nteken 16\/17 \u00f3r\u00e1t\u00f3l (t\u00e9len\/ny\u00e1ron)<\/p>\n\n\n\n<p>Harangoz\u00f3n\u0151: Bilib\u00f3k Jol\u00e1n<\/p>\n\n\n\n<figure class=\"wp-block-image size-large\"><img loading=\"lazy\" decoding=\"async\" width=\"1024\" height=\"683\" src=\"https:\/\/www.csikszentmihaly.ro\/plebania\/wp-content\/uploads\/2020\/05\/ajnadi-egyhaztanacs-1024x683.jpg\" alt=\"\" class=\"wp-image-92\" srcset=\"https:\/\/www.szentmihaly.ro\/wp-content\/uploads\/2020\/05\/ajnadi-egyhaztanacs-1024x683.jpg 1024w, https:\/\/www.szentmihaly.ro\/wp-content\/uploads\/2020\/05\/ajnadi-egyhaztanacs-300x200.jpg 300w, https:\/\/www.szentmihaly.ro\/wp-content\/uploads\/2020\/05\/ajnadi-egyhaztanacs-768x512.jpg 768w, https:\/\/www.szentmihaly.ro\/wp-content\/uploads\/2020\/05\/ajnadi-egyhaztanacs-1536x1024.jpg 1536w, https:\/\/www.szentmihaly.ro\/wp-content\/uploads\/2020\/05\/ajnadi-egyhaztanacs-2048x1365.jpg 2048w\" sizes=\"auto, (max-width: 1024px) 100vw, 1024px\" \/><\/figure>\n\n\n\n<p>A v\u00e1laszt\u00e1s \u00e9s \u00e9rseki j\u00f3v\u00e1hagy\u00e1s alapj\u00e1n az ajn\u00e1di k\u00f6z\u00f6ss\u00e9g\u00a0<strong>gondnoka:\u00a0<\/strong>Sz\u0151gy\u00f6r Lor\u00e1nd,<strong>\u00a0algondnoka:\u00a0<\/strong>Sipos Andr\u00e1s,<strong>\u00a0jegyz\u0151:\u00a0<\/strong>Bogos R\u00f3bert,\u00a0<strong>p\u00e9nzt\u00e1ros:\u00a0<\/strong>Albert Levente,<strong>\u00a0valamint a k\u00fcl\u00f6nf\u00e9le bizotts\u00e1gok tagjai:\u00a0<\/strong>Bilibok Attila, ifj. Bilibok Imre, Bogos Csaba, ifj. Er\u0151ss Antal, Er\u0151ss J\u00f3zsef, F\u00e9nya-Szekeres Szabolcs, Ferencz Ern\u0151, Sipos Csaba, Szak\u00e1cs L\u00e1szl\u00f3, Sz\u0151gy\u00f6r \u00c1rp\u00e1d, ifj. Sz\u0151gy\u00f6r Domokos, Sz\u0151gy\u00f6r Gyula, Ifj. Bilib\u00f3k K\u00e1roly, Fodor Lajos, ifj. Sipos Szilveszter<\/p>\n\n\n\n<p>A 19 tag\u00fa egyh\u00e1ztan\u00e1cs megb\u00edzat\u00e1sa h\u00e1rom \u00e9vig, 2024. m\u00e1jus 31-ig \u00e9rv\u00e9nyes. <\/p>\n","protected":false},"excerpt":{"rendered":"<p>Cs\u00edkajn\u00e1d els\u0151 templom\u00e1t 1514-ben a Bern\u00e1ld-csal\u00e1d \u00e9p\u00edttette, ezt kib\u0151v\u00edtett\u00e9k, a jelenlegi templom 1846-ban \u00e9p\u00fclt. Az egyh\u00e1zk\u00f6zs\u00e9g&nbsp;v\u00e9d\u0151szentje Szent Istv\u00e1n kir\u00e1ly, akinek \u00fcnnep\u00e9n augusztus 20-\u00e1n tartunk b\u00facs\u00fa\u00fcnneps\u00e9get. Ajn\u00e1don vas\u00e1rnap \u00e9s \u00fcnnepnap 9-t\u0151l szentmise, h\u00e9tk\u00f6znap kedden \u00e9s p\u00e9nteken 16\/17 \u00f3r\u00e1t\u00f3l (t\u00e9len\/ny\u00e1ron) Harangoz\u00f3n\u0151: Bilib\u00f3k Jol\u00e1n A v\u00e1laszt\u00e1s \u00e9s \u00e9rseki j\u00f3v\u00e1hagy\u00e1s alapj\u00e1n az ajn\u00e1di k\u00f6z\u00f6ss\u00e9g\u00a0gondnoka:\u00a0Sz\u0151gy\u00f6r Lor\u00e1nd,\u00a0algondnoka:\u00a0Sipos Andr\u00e1s,\u00a0jegyz\u0151:\u00a0Bogos R\u00f3bert,\u00a0p\u00e9nzt\u00e1ros:\u00a0Albert Levente,\u00a0valamint a &#8230; <span class=\"more\"><a class=\"more-link\" href=\"https:\/\/www.szentmihaly.ro\/index.php\/ajnadi-filia\/\">[Tov\u00e1bb&#8230;]<\/a><\/span><\/p>\n","protected":false},"author":1,"featured_media":0,"parent":0,"menu_order":0,"comment_status":"closed","ping_status":"closed","template":"","meta":{"ngg_post_thumbnail":0,"footnotes":""},"class_list":["entry","page","publish","author-egyhaz_hmddw7bu","post-91"],"_links":{"self":[{"href":"https:\/\/www.szentmihaly.ro\/index.php\/wp-json\/wp\/v2\/pages\/91","targetHints":{"allow":["GET"]}}],"collection":[{"href":"https:\/\/www.szentmihaly.ro\/index.php\/wp-json\/wp\/v2\/pages"}],"about":[{"href":"https:\/\/www.szentmihaly.ro\/index.php\/wp-json\/wp\/v2\/types\/page"}],"author":[{"embeddable":true,"href":"https:\/\/www.szentmihaly.ro\/index.php\/wp-json\/wp\/v2\/users\/1"}],"replies":[{"embeddable":true,"href":"https:\/\/www.szentmihaly.ro\/index.php\/wp-json\/wp\/v2\/comments?post=91"}],"version-history":[{"count":7,"href":"https:\/\/www.szentmihaly.ro\/index.php\/wp-json\/wp\/v2\/pages\/91\/revisions"}],"predecessor-version":[{"id":567,"href":"https:\/\/www.szentmihaly.ro\/index.php\/wp-json\/wp\/v2\/pages\/91\/revisions\/567"}],"wp:attachment":[{"href":"https:\/\/www.szentmihaly.ro\/index.php\/wp-json\/wp\/v2\/media?parent=91"}],"curies":[{"name":"wp","href":"https:\/\/api.w.org\/{rel}","templated":true}]}}