{"id":53,"date":"2020-05-24T20:41:57","date_gmt":"2020-05-24T18:41:57","guid":{"rendered":"https:\/\/www.csikszentmihaly.ro\/plebania\/?page_id=53"},"modified":"2020-06-20T20:29:21","modified_gmt":"2020-06-20T18:29:21","slug":"elerhetoseg","status":"publish","type":"page","link":"https:\/\/www.szentmihaly.ro\/index.php\/elerhetoseg\/","title":{"rendered":"Inform\u00e1ci\u00f3k"},"content":{"rendered":"\n<p><\/p>\n\n\n\n<p><strong>Cs\u00edkszentmih\u00e1lyi R\u00f3mai Katolikus Pl\u00e9b\u00e1nia<\/strong><\/p>\n\n\n\n<p>Cs\u00edkszentmih\u00e1ly, F\u0151\u00fat 183. sz\u00e1m, 537200, Hargita megye, Rom\u00e1nia<\/p>\n\n\n\n<p><strong>Tank\u00f3 Szilveszter, pl\u00e9b\u00e1nos<\/strong><\/p>\n\n\n\n<p>telefon: 0726 187&nbsp;341, email: <a href=\"mailto:paterszilveszter@freemail.hu\">paterszilveszter@freemail.hu<\/a><\/p>\n\n\n\n<p>Kercs\u00f3 Zolt\u00e1n, k\u00e1ntor<\/p>\n\n\n\n<p>Bartis \u00c9va, cs\u00edkszentmih\u00e1lyi harangoz\u00f3<br>Er\u0151s Jol\u00e1n, cs\u00edkajn\u00e1di harangoz\u00f3<\/p>\n\n\n\n<p><a href=\"https:\/\/www.csikszentmihaly.ro\/plebania\/index.php\/rolunk\/\">Cs\u00edkszentmih\u00e1lyi Egyh\u00e1ztan\u00e1cs<\/a><\/p>\n\n\n\n<p><a href=\"https:\/\/www.csikszentmihaly.ro\/plebania\/index.php\/ajnadi-filia\/\">Cs\u00edkajn\u00e1di Filia<\/a><\/p>\n\n\n\n<p><\/p>\n","protected":false},"excerpt":{"rendered":"<p>Cs\u00edkszentmih\u00e1lyi R\u00f3mai Katolikus Pl\u00e9b\u00e1nia Cs\u00edkszentmih\u00e1ly, F\u0151\u00fat 183. sz\u00e1m, 537200, Hargita megye, Rom\u00e1nia Tank\u00f3 Szilveszter, pl\u00e9b\u00e1nos telefon: 0726 187&nbsp;341, email: paterszilveszter@freemail.hu Kercs\u00f3 Zolt\u00e1n, k\u00e1ntor Bartis \u00c9va, cs\u00edkszentmih\u00e1lyi harangoz\u00f3Er\u0151s Jol\u00e1n, cs\u00edkajn\u00e1di harangoz\u00f3 Cs\u00edkszentmih\u00e1lyi Egyh\u00e1ztan\u00e1cs Cs\u00edkajn\u00e1di Filia<\/p>\n","protected":false},"author":1,"featured_media":0,"parent":0,"menu_order":0,"comment_status":"open","ping_status":"closed","template":"","meta":{"ngg_post_thumbnail":0,"footnotes":""},"class_list":["entry","page","publish","author-egyhaz_hmddw7bu","post-53"],"_links":{"self":[{"href":"https:\/\/www.szentmihaly.ro\/index.php\/wp-json\/wp\/v2\/pages\/53","targetHints":{"allow":["GET"]}}],"collection":[{"href":"https:\/\/www.szentmihaly.ro\/index.php\/wp-json\/wp\/v2\/pages"}],"about":[{"href":"https:\/\/www.szentmihaly.ro\/index.php\/wp-json\/wp\/v2\/types\/page"}],"author":[{"embeddable":true,"href":"https:\/\/www.szentmihaly.ro\/index.php\/wp-json\/wp\/v2\/users\/1"}],"replies":[{"embeddable":true,"href":"https:\/\/www.szentmihaly.ro\/index.php\/wp-json\/wp\/v2\/comments?post=53"}],"version-history":[{"count":6,"href":"https:\/\/www.szentmihaly.ro\/index.php\/wp-json\/wp\/v2\/pages\/53\/revisions"}],"predecessor-version":[{"id":340,"href":"https:\/\/www.szentmihaly.ro\/index.php\/wp-json\/wp\/v2\/pages\/53\/revisions\/340"}],"wp:attachment":[{"href":"https:\/\/www.szentmihaly.ro\/index.php\/wp-json\/wp\/v2\/media?parent=53"}],"curies":[{"name":"wp","href":"https:\/\/api.w.org\/{rel}","templated":true}]}}