{"id":49,"date":"2020-05-24T20:40:50","date_gmt":"2020-05-24T18:40:50","guid":{"rendered":"https:\/\/www.csikszentmihaly.ro\/plebania\/?page_id=49"},"modified":"2025-05-11T19:59:07","modified_gmt":"2025-05-11T17:59:07","slug":"rolunk","status":"publish","type":"page","link":"https:\/\/www.szentmihaly.ro\/index.php\/rolunk\/","title":{"rendered":"Szentmih\u00e1ly"},"content":{"rendered":"\n<p><strong>Cs\u00edkszentmih\u00e1lyi R\u00f3mai Katolikus Pl\u00e9b\u00e1nia<\/strong><\/p>\n\n\n\n<p>Cs\u00edkszentmih\u00e1ly, F\u0151\u00fat 183. sz\u00e1m, 537200, Hargita megye, Rom\u00e1nia<\/p>\n\n\n\n<p><strong>Tank\u00f3 Szilveszter, pl\u00e9b\u00e1nos<\/strong><\/p>\n\n\n\n<p>telefon: 0726 187&nbsp;341, e-mail:&nbsp;laszlopater58@gmail.com <\/p>\n\n\n\n<p>Bara D\u00e1vid, k\u00e1ntor<\/p>\n\n\n\n<p>Bartis \u00c9va, cs\u00edkszentmih\u00e1lyi harangoz\u00f3<\/p>\n\n\n\n<p>Szentmih\u00e1lyi egyh\u00e1ztan\u00e1cs:<\/p>\n\n\n\n<figure class=\"wp-block-image size-large is-resized\"><img loading=\"lazy\" decoding=\"async\" width=\"1024\" height=\"731\" src=\"https:\/\/www.csikszentmihaly.ro\/plebania\/wp-content\/uploads\/2020\/05\/szentmihalyi-egyhaztanacs-1024x731.jpg\" alt=\"\" class=\"wp-image-89\" srcset=\"https:\/\/www.szentmihaly.ro\/wp-content\/uploads\/2020\/05\/szentmihalyi-egyhaztanacs-1024x731.jpg 1024w, https:\/\/www.szentmihaly.ro\/wp-content\/uploads\/2020\/05\/szentmihalyi-egyhaztanacs-300x214.jpg 300w, https:\/\/www.szentmihaly.ro\/wp-content\/uploads\/2020\/05\/szentmihalyi-egyhaztanacs-768x549.jpg 768w, https:\/\/www.szentmihaly.ro\/wp-content\/uploads\/2020\/05\/szentmihalyi-egyhaztanacs-1536x1097.jpg 1536w, https:\/\/www.szentmihaly.ro\/wp-content\/uploads\/2020\/05\/szentmihalyi-egyhaztanacs-2048x1463.jpg 2048w\" sizes=\"auto, (max-width: 1024px) 100vw, 1024px\" \/><figcaption class=\"wp-element-caption\">Gondnok: Mikl\u00f3s Lajos<br>Algondnokok: N\u00e9meti Zsigmond \u00e9s Petres Ferenc<\/figcaption><\/figure>\n","protected":false},"excerpt":{"rendered":"<p>Cs\u00edkszentmih\u00e1lyi R\u00f3mai Katolikus Pl\u00e9b\u00e1nia Cs\u00edkszentmih\u00e1ly, F\u0151\u00fat 183. sz\u00e1m, 537200, Hargita megye, Rom\u00e1nia Tank\u00f3 Szilveszter, pl\u00e9b\u00e1nos telefon: 0726 187&nbsp;341, e-mail:&nbsp;laszlopater58@gmail.com Bara D\u00e1vid, k\u00e1ntor Bartis \u00c9va, cs\u00edkszentmih\u00e1lyi harangoz\u00f3 Szentmih\u00e1lyi egyh\u00e1ztan\u00e1cs:<\/p>\n","protected":false},"author":1,"featured_media":0,"parent":0,"menu_order":0,"comment_status":"closed","ping_status":"closed","template":"","meta":{"ngg_post_thumbnail":0,"footnotes":""},"class_list":["entry","page","publish","author-egyhaz_hmddw7bu","post-49"],"_links":{"self":[{"href":"https:\/\/www.szentmihaly.ro\/index.php\/wp-json\/wp\/v2\/pages\/49","targetHints":{"allow":["GET"]}}],"collection":[{"href":"https:\/\/www.szentmihaly.ro\/index.php\/wp-json\/wp\/v2\/pages"}],"about":[{"href":"https:\/\/www.szentmihaly.ro\/index.php\/wp-json\/wp\/v2\/types\/page"}],"author":[{"embeddable":true,"href":"https:\/\/www.szentmihaly.ro\/index.php\/wp-json\/wp\/v2\/users\/1"}],"replies":[{"embeddable":true,"href":"https:\/\/www.szentmihaly.ro\/index.php\/wp-json\/wp\/v2\/comments?post=49"}],"version-history":[{"count":9,"href":"https:\/\/www.szentmihaly.ro\/index.php\/wp-json\/wp\/v2\/pages\/49\/revisions"}],"predecessor-version":[{"id":581,"href":"https:\/\/www.szentmihaly.ro\/index.php\/wp-json\/wp\/v2\/pages\/49\/revisions\/581"}],"wp:attachment":[{"href":"https:\/\/www.szentmihaly.ro\/index.php\/wp-json\/wp\/v2\/media?parent=49"}],"curies":[{"name":"wp","href":"https:\/\/api.w.org\/{rel}","templated":true}]}}