{"id":307,"date":"2020-06-18T21:02:10","date_gmt":"2020-06-18T19:02:10","guid":{"rendered":"https:\/\/www.csikszentmihaly.ro\/plebania\/?page_id=307"},"modified":"2020-06-18T22:27:49","modified_gmt":"2020-06-18T20:27:49","slug":"csikszentmihaly-ajnad-egyhazkozsegben-szolgalo-papok","status":"publish","type":"page","link":"https:\/\/www.szentmihaly.ro\/index.php\/csikszentmihaly-ajnad-egyhazkozsegben-szolgalo-papok\/","title":{"rendered":"Az egyh\u00e1zk\u00f6zs\u00e9gben szolg\u00e1l\u00f3 papok"},"content":{"rendered":"\n<p><strong>1333-1334 <\/strong>\u2013 <strong>J\u00e1nos<\/strong>, cs\u00edkszentmih\u00e1lyi pap &#8211; P.T. 1333-1334 (p\u00e1pai tizedjegyz\u00e9k)<\/p>\n\n\n\n<p><strong>1591 k\u00f6r\u00fcl <\/strong>\u2013 <strong>Moldvai Mikl\u00f3s<\/strong>, cs\u00edkszentmih\u00e1lyi pap<\/p>\n\n\n\n<p><strong>1614 <\/strong>\u2013 <strong>M\u00e1ty\u00e1s <\/strong>pap, jobb\u00e1gyokat tartott.<\/p>\n\n\n\n<p><strong>1681-1694 <\/strong>\u2013 <strong>Sz\u00e9pv\u00edzi (Kov\u00e1cs) P\u00e1l <\/strong>\u2013 Kolozsv\u00e1ron (SJGA-Jezsuita Gimn\u00e1zium \u00e9s Akad\u00e9mia) \u00e9s Nagyszombatban tanult. 1694. febru\u00e1r 13-\u00e1n a tat\u00e1rok 1000 h\u00edv\u00e9vel elhurcolt\u00e1k, meghalt 1699-ben a krimi-tat\u00e1r fogs\u00e1gban.<\/p>\n\n\n\n<p><strong>1717 <\/strong>&#8211; somly\u00f3i ferencesek l\u00e1tj\u00e1k el a pl\u00e9b\u00e1ni\u00e1t (adminisztr\u00e1torok)<\/p>\n\n\n\n<p><strong>1717-1718 <\/strong>&#8211; <strong>Gy\u00f6rfi Andr\u00e1s <\/strong>pl\u00e9b\u00e1nos szolg\u00e1lt Sz\u00e1szfenesen, Cs\u00edkszentsimonban, Cs\u00edkszentm\u00e1rtonon, v\u00e9g\u00fcl Menas\u00e1gon 1720-1728 (megh. 1728, Cs\u00edkmenas\u00e1g).<\/p>\n\n\n\n<p><strong>1719<\/strong>-t\u0151l a szentmikl\u00f3si pl\u00e9b\u00e1nos <strong>K\u00e9menes Istv\u00e1n (1719-1722) <\/strong>adminisztr\u00e1lja a pl\u00e9b\u00e1ni\u00e1t.<\/p>\n\n\n\n<p><strong>1727<\/strong>-ig volt <strong>Fodor B\u00e1lint <\/strong>a k\u00f6zs\u00e9g papja, itt halt meg 1727-ben.<\/p>\n\n\n\n<p><strong>1727-1728 <\/strong>&#8211; <strong>Fodor Imre <\/strong>1728-ban itt halt meg.<\/p>\n\n\n\n<p><strong>1732<\/strong>&#8211;<strong>1740 Cserg\u0151 Mih\u00e1ly <\/strong>Szentmih\u00e1ly papja<\/p>\n\n\n\n<p><strong>1740-1749 <\/strong>gyergy\u00f3\u00fajfalvi sz\u00fclet\u00e9s\u0171 <strong>Bod\u00f3 Ferenc <\/strong>(1727-1734 k\u00f6z\u00f6tt Szentmikl\u00f3s papja volt)<\/p>\n\n\n\n<p><strong>1749-1757 Bertalan Antal, <\/strong>k\u00e9s\u0151bb mez\u0151s\u00e1msondi (Maros m.) pl\u00e9b\u00e1nos (1763-1766).<\/p>\n\n\n\n<p><strong>1753<\/strong>-ban <strong>S\u00e1ndor Gy\u00f6rgy <\/strong>kiseg\u00edt\u0151 pl\u00e9b\u00e1nos<\/p>\n\n\n\n<p><strong>1753 &#8211; 1755 \u2013 Krist\u00f3 (Krist\u00f3f) Gy\u00f6rgy <\/strong>kiseg\u00edt\u0151 pl\u00e9b\u00e1nos (sz\u00fcl. Cs\u00edkszentkir\u00e1lyon)<\/p>\n\n\n\n<p><strong>1755. \u00e1prilis 30<\/strong>-\u00e1n halt meg Szentmih\u00e1lyon <strong>Csobot J\u00e1nos <\/strong>pl\u00e9b\u00e1nos<\/p>\n\n\n\n<p><strong>1757-<\/strong>t\u0151l k\u00e1pl\u00e1n, <strong>1766-1780 <\/strong>pl\u00e9b\u00e1nos a cs\u00edkszeredai <strong>N\u00e9methy J\u00f3zsef<\/strong>, ezut\u00e1n Karcfalv\u00e1n (Nagyboldogasszony falv\u00e1n) volt pl\u00e9b\u00e1nos, esperes \u00e9s kanonok, ott halt meg 1802. augusztus 2-\u00e1n)<\/p>\n\n\n\n<p><strong>1780-1799 <\/strong>\u2013 <strong>Szab\u00f3 J\u00f3zsef400 <\/strong>pl\u00e9b\u00e1nos (1799. Febru\u00e1r 19-\u00e9n hunyt el Cs\u00edkszentmih\u00e1lyon).<\/p>\n\n\n\n<p><strong>1799-1810 \u2013 Kerest\u00e9ly Ign\u00e1c <\/strong>pl\u00e9b\u00e1nos (1810. M\u00e1jus 22-\u00e9n hunyt el Cs\u00edkszentmih\u00e1lyon)<\/p>\n\n\n\n<p><strong>1810-1855 &#8211; Gyenge Andr\u00e1s <\/strong>pl\u00e9b\u00e1nos (1781. november 5., Mikl\u00f3sv\u00e1r \u2013 1855. febru\u00e1r 10., Cs\u00edkszentmih\u00e1ly). Papp\u00e1 szentelik 1805. nov. 5-\u00e9n, szolg\u00e1lt Cs\u00edkr\u00e1koson (1807-1808), Cs\u00edkcsics\u00f3ban (1808-1810), majd Szentmih\u00e1lyon 45 \u00e9ven kereszt\u00fcl<\/p>\n\n\n\n<p><strong>1855-1889 \u2013 Sz\u0151cs Imre <\/strong>pl\u00e9b\u00e1nos, 1889- ben nyugd\u00edjba vonult, de Szentmih\u00e1lyon maradt hal\u00e1l\u00e1ig, <strong>1896-<\/strong>ig (sz\u00fcl. 1812. okt\u00f3ber 15., Szentegyh\u00e1zasfalu, megh. 1896. m\u00e1jus 29., Cs\u00edkszentmih\u00e1ly). 84 \u00e9vet \u00e9lt, \u00e9let\u00e9nek majdnem fel\u00e9t, 41 \u00e9vet t\u00f6lt\u00f6tt Szentmih\u00e1lyon.<\/p>\n\n\n\n<p><strong>1884 <\/strong>&#8211; <strong>M\u00fcller J\u00e1nos <\/strong>k\u00e1pl\u00e1n (seg\u00e9dlelk\u00e9sz),(sz\u00fcl. 1860. j\u00falius 30. Podjebr\u00e1d, Csehorsz\u00e1g, megh. 1942. okt\u00f3ber 12-\u00e9n, rabl\u00f3gyilkosok meggyilkolt\u00e1k)<\/p>\n\n\n\n<p><strong>1888-1891 <\/strong>\u2013 <strong>G\u00e1sp\u00e1r Istv\u00e1n <\/strong>pl\u00e9b\u00e1nos (sz\u00fcl. 1864. december 22., Bog\u00e1rfalva, megh. 1923. \u00e1prilis 18., K\u00e9zdiv\u00e1s\u00e1rhely)<\/p>\n\n\n\n<p><strong>1889-1911 <\/strong>\u2013 <strong>Jakab Lajos <\/strong>(sz\u00fcl. 1844. szeptember 29., Farkaslaka, megh. 1911.janu\u00e1r 18., Cs\u00edkszentmih\u00e1ly)<\/p>\n\n\n\n<p><strong>1902 <\/strong>&#8211; <strong>Vitos M\u00f3zes <\/strong>(sz\u00fcl. 1847. janu\u00e1r 5., Cs\u00edkszentkir\u00e1ly, megh. 1902. Cs\u00edkszentmih\u00e1ly)<\/p>\n\n\n\n<p><strong>1911-1931 <\/strong>\u2013 <strong>G\u00e1bosi D\u00e9nes <\/strong>(sz\u00fcl. 1879. janu\u00e1r 10., K\u00e1szonimp\u00e9r, megh. 1931. szeptember 10., Cs\u00edkszentmih\u00e1ly). Gimn\u00e1ziumot Cs\u00edksomly\u00f3n, teol\u00f3gi\u00e1t Gyulafeh\u00e9rv\u00e1ron v\u00e9gzett. Papp\u00e1 szentelt\u00e9k: 1903. j\u00fan. 26. Szolg\u00e1lati helyei: 1903-1905: k\u00e1pl\u00e1n K\u00e9zdiszentl\u00e9leken \u00e9s Gyimesk\u00f6z\u00e9plokon, 1905: pl\u00e9b\u00e1nos &#8211; Gyimesfels\u0151lok &#8211; mint \u00f6n\u00e1ll\u00f3 pl\u00e9b\u00e1ni\u00e1nak \u2013 els\u0151 pl\u00e9b\u00e1nosa (1905-1908), 1908-1911: Cs\u00edkdelne, 1911-1931: Cs\u00edkszentmih\u00e1ly.<\/p>\n\n\n\n<p><strong>1927-1928 &#8211; Salamon Imre <\/strong>kiseg\u00edt\u0151 pl\u00e9b\u00e1nos (sz\u00fcl. 1903. j\u00fanius 4. Cs\u00edkp\u00e1lfalva, megh.1976. m\u00e1jus 16., Petrozs\u00e9ny)<\/p>\n\n\n\n<p><strong>1931-1932 \u2013 Sz\u00e9kely \u00c1rp\u00e1d <\/strong>pl\u00e9b\u00e1nos (sz\u00fcl. 1905. m\u00e1jus 12., Feny\u00e9d, megh. 1989. m\u00e1rcius 17.)<\/p>\n\n\n\n<p><strong>1932-1964 \u2013 So\u00f3 D\u00e9nes <\/strong>pl\u00e9b\u00e1nos, szentsz\u00e9ki tan\u00e1csos (sz\u00fcl. 1890. j\u00fanius 27. Sz\u00e9kelybethlenfalva, megh. 1964. j\u00falius 9., Cs\u00edkszentmih\u00e1ly). A gimn\u00e1ziumot Sz\u00e9kelyudvarhelyen, a teol\u00f3gi\u00e1t Gyulafeh\u00e9rv\u00e1ron v\u00e9gezte. Papp\u00e1 szentelt\u00e9k: 1913. j\u00fan. 13-\u00e1n, Gyulafeh\u00e9rv\u00e1ron. Szolg\u00e1lati helyei: 1913-1915: Cs\u00edkszentgy\u00f6rgyk\u00e1pl\u00e1n, 1915-1916: t\u00e1bori lelk\u00e9sz, 1916-1918: Marosv\u00e1s\u00e1rhely-k\u00e1pl\u00e1n, 1918-1922: Sinfalvapl\u00e9b\u00e1nos, 1922-1923: Gyergy\u00f3b\u00e9k\u00e1s, 1923-1932: Szentdemeter (itt pl\u00e9b\u00e1ni\u00e1t \u00e9p\u00edtett 1929-ben), 1932-1964: Cs\u00edkszentmih\u00e1ly. \u00c9lete utols\u00f3 32 \u00e9v\u00e9t egyh\u00e1zk\u00f6zs\u00e9g\u00fcnknek szentelte.<\/p>\n\n\n\n<p><strong>1964-1995 <\/strong>\u2013 <strong>Csutak L\u00e1szl\u00f3 <\/strong>pl\u00e9b\u00e1nos, p\u00e1pai k\u00e1pl\u00e1n (sz\u00fcl. 1919. okt\u00f3ber 19., Cs\u00edkszentgy\u00f6rgy, megh. 1995. m\u00e1rcius 30., Cs\u00edkszentmih\u00e1ly). A gimn\u00e1ziumot Budapesten a Zr\u00ednyi Mikl\u00f3s \u00c1llami Re\u00e1lgimn\u00e1ziumban v\u00e9gezte. 1939: Szegeden, 1941: Kolozsv\u00e1rt hallgat\u00f3ja a teol\u00f3gi\u00e1nak, 1944. V. 18-\u00e1n szentelt\u00e9k papp\u00e1. 1944: K\u00e9zdiszentkereszten, 1946: Kolozsv\u00e1rt k\u00e1pl\u00e1n, 1951: Marosillye pl\u00e9b\u00e1nosa. 1954 december\u00e9ben \u00e1llamellenes izgat\u00e1s \u00e9s szervezked\u00e9s v\u00e1dj\u00e1val letart\u00f3ztatt\u00e1k, 1960-ig Szamos\u00fajv\u00e1ron b\u00f6rt\u00f6nben tartott\u00e1k, majd a Duna-delt\u00e1ban k\u00e9nyszerlakhelyen fogoly. 1964. IV. 11-\u00e9n k\u00f6zkegyelemmel szabadult, \u00e9s Cs\u00edkszentmih\u00e1ly pl\u00e9b\u00e1nosa lett, ahol 31 \u00e9vig egyszer\u0171s\u00e9gben, al\u00e1zattal szolg\u00e1lta h\u00edveit.<\/p>\n\n\n\n<p><strong>1995-2007 \u2013 Gergely F\u00fcl\u00f6p <\/strong>pl\u00e9b\u00e1nos (sz\u00fcl. 1944. m\u00e1j. 26., Gyimesb\u00fckk), k\u00f6z\u00e9piskolai \u00e9s teol\u00f3giai tanulm\u00e1nyait Gyulafeh\u00e9rv\u00e1ron v\u00e9gezte, 1968. \u00e1pr. 21-\u00e9n szentelte papp\u00e1 M\u00e1rton \u00c1ron p\u00fcsp\u00f6k. Szolg\u00e1lati helyei: 1968: Gyergy\u00f3remete, 1969: Gelence, 1972: Brass\u00f3-Bolonya k\u00e1pl\u00e1n, 1973: G\u00f6demesterh\u00e1za-pl\u00e9b\u00e1nos, 1976: Gyimesfels\u0151lok, 1981-1988: Cs\u00edkszentmikl\u00f3s, 1988-1995: K\u00e1poln\u00e1sfalu, 1995-2007: Cs\u00edkszentmih\u00e1ly. 2007-ben vonult nyugalomba, jelenleg Cs\u00edkborzsov\u00e1ban \u00e9l, 2009-t\u0151l c\u00edmzetes esperes.<\/p>\n\n\n\n<p><strong>2007 \u2013 Tank\u00f3 Szilveszter <\/strong>pl\u00e9b\u00e1nos (sz\u00fcl. 1958. dec. 17., Gyimesb\u00fckk), papp\u00e1 szentelte Dr. Jakab Antal p\u00fcsp\u00f6k Gyulafeh\u00e9rv\u00e1ron, 1984. j\u00fan. 24-\u00e9n. Seg\u00e9dlelk\u00e9szk\u00e9nt m\u0171k\u00f6d\u00f6tt Petrozs\u00e9nyben (1984-\u201885) \u00e9s Vajdahunyadon (1985-\u201887), pl\u00e9b\u00e1nos: Petrilla-L\u00f3nya (1987-1996), T\u00fcr (1996-2007), Cs\u00edkszentmih\u00e1ly-Ajn\u00e1d (2007- ), 2009-t\u0151l szentsz\u00e9ki tan\u00e1csos.<\/p>\n","protected":false},"excerpt":{"rendered":"<p>1333-1334 \u2013 J\u00e1nos, cs\u00edkszentmih\u00e1lyi pap &#8211; P.T. 1333-1334 (p\u00e1pai tizedjegyz\u00e9k) 1591 k\u00f6r\u00fcl \u2013 Moldvai Mikl\u00f3s, cs\u00edkszentmih\u00e1lyi pap 1614 \u2013 M\u00e1ty\u00e1s pap, jobb\u00e1gyokat tartott. 1681-1694 \u2013 Sz\u00e9pv\u00edzi (Kov\u00e1cs) P\u00e1l \u2013 Kolozsv\u00e1ron (SJGA-Jezsuita Gimn\u00e1zium \u00e9s Akad\u00e9mia) \u00e9s Nagyszombatban tanult. 1694. febru\u00e1r 13-\u00e1n a tat\u00e1rok 1000 h\u00edv\u00e9vel elhurcolt\u00e1k, meghalt 1699-ben a krimi-tat\u00e1r fogs\u00e1gban. 1717 &#8211; somly\u00f3i ferencesek l\u00e1tj\u00e1k &#8230; <span class=\"more\"><a class=\"more-link\" href=\"https:\/\/www.szentmihaly.ro\/index.php\/csikszentmihaly-ajnad-egyhazkozsegben-szolgalo-papok\/\">[Tov\u00e1bb&#8230;]<\/a><\/span><\/p>\n","protected":false},"author":1,"featured_media":0,"parent":0,"menu_order":0,"comment_status":"closed","ping_status":"closed","template":"","meta":{"ngg_post_thumbnail":0,"footnotes":""},"class_list":["entry","page","publish","author-egyhaz_hmddw7bu","post-307"],"_links":{"self":[{"href":"https:\/\/www.szentmihaly.ro\/index.php\/wp-json\/wp\/v2\/pages\/307","targetHints":{"allow":["GET"]}}],"collection":[{"href":"https:\/\/www.szentmihaly.ro\/index.php\/wp-json\/wp\/v2\/pages"}],"about":[{"href":"https:\/\/www.szentmihaly.ro\/index.php\/wp-json\/wp\/v2\/types\/page"}],"author":[{"embeddable":true,"href":"https:\/\/www.szentmihaly.ro\/index.php\/wp-json\/wp\/v2\/users\/1"}],"replies":[{"embeddable":true,"href":"https:\/\/www.szentmihaly.ro\/index.php\/wp-json\/wp\/v2\/comments?post=307"}],"version-history":[{"count":3,"href":"https:\/\/www.szentmihaly.ro\/index.php\/wp-json\/wp\/v2\/pages\/307\/revisions"}],"predecessor-version":[{"id":314,"href":"https:\/\/www.szentmihaly.ro\/index.php\/wp-json\/wp\/v2\/pages\/307\/revisions\/314"}],"wp:attachment":[{"href":"https:\/\/www.szentmihaly.ro\/index.php\/wp-json\/wp\/v2\/media?parent=307"}],"curies":[{"name":"wp","href":"https:\/\/api.w.org\/{rel}","templated":true}]}}