{"id":2,"date":"2020-04-21T06:32:10","date_gmt":"2020-04-21T06:32:10","guid":{"rendered":"https:\/\/www.csikszentmihaly.ro\/plebania\/?page_id=2"},"modified":"2020-10-03T18:32:12","modified_gmt":"2020-10-03T16:32:12","slug":"sample-page","status":"publish","type":"page","link":"https:\/\/www.szentmihaly.ro\/index.php\/sample-page\/","title":{"rendered":"Lapszemle"},"content":{"rendered":"\n<figure class=\"wp-block-embed-youtube wp-block-embed is-type-video is-provider-youtube wp-embed-aspect-16-9 wp-has-aspect-ratio\"><div class=\"wp-block-embed__wrapper\">\n<iframe loading=\"lazy\" title=\"A cs\u00edkszentmih\u00e1lyi templom fel\u00faj\u00edt\u00e1sa (1. r\u00e9sz)\" width=\"700\" height=\"394\" src=\"https:\/\/www.youtube.com\/embed\/kyg7niRbhLA?feature=oembed\" frameborder=\"0\" allow=\"accelerometer; autoplay; clipboard-write; encrypted-media; gyroscope; picture-in-picture\" allowfullscreen><\/iframe>\n<\/div><\/figure>\n\n\n\n<p>K\u00fcls\u0151 fel\u00faj\u00edt\u00e1s 2019-2020<\/p>\n\n\n\n<p><a href=\"https:\/\/hargitanepe.ro\/hu\/megujul-a-templom-1596093601867\">https:\/\/hargitanepe.ro\/hu\/megujul-a-templom-1596093601867<\/a><\/p>\n\n\n\n<p><a href=\"https:\/\/szekelyhon.ro\/aktualis\/uj-kettos-kereszt-kerult-a-csikszentmihalyi-templom-tornyara\" target=\"_blank\" rel=\"noreferrer noopener\">https:\/\/szekelyhon.ro\/aktualis\/uj-kettos-kereszt-kerult-a-csikszentmihalyi-templom-tornyara<\/a><\/p>\n\n\n\n<p>Bels\u0151 fel\u00faj\u00edt\u00e1s 2017-2019<\/p>\n\n\n\n<p><a href=\"https:\/\/szekelyhon.ro\/aktualis\/kozepkori-falkepeket-tartak-fel-a-csikszentmihalyi-templom-felujitasa-soran\" target=\"_blank\" rel=\"noreferrer noopener\">https:\/\/szekelyhon.ro\/aktualis\/kozepkori-falkepeket-tartak-fel-a-csikszentmihalyi-templom-felujitasa-soran<\/a><\/p>\n\n\n\n<figure class=\"wp-block-embed-wordpress wp-block-embed is-type-wp-embed is-provider-romkat-ro\"><div class=\"wp-block-embed__wrapper\">\n<blockquote class=\"wp-embedded-content\" data-secret=\"fdX3aLzfMx\"><a href=\"https:\/\/romkat.ro\/2018\/12\/21\/derzsi-mesterek-keze-munkaja-koszon-vissza\/\">Derzsi mesterek keze munk\u00e1ja k\u00f6sz\u00f6n vissza<\/a><\/blockquote><iframe loading=\"lazy\" class=\"wp-embedded-content\" sandbox=\"allow-scripts\" security=\"restricted\" style=\"position: absolute; clip: rect(1px, 1px, 1px, 1px);\" title=\"&#8220;Derzsi mesterek keze munk\u00e1ja k\u00f6sz\u00f6n vissza&#8221; &#8212; RomKat.ro\" src=\"https:\/\/romkat.ro\/2018\/12\/21\/derzsi-mesterek-keze-munkaja-koszon-vissza\/embed\/#?secret=fdX3aLzfMx\" data-secret=\"fdX3aLzfMx\" width=\"600\" height=\"338\" frameborder=\"0\" marginwidth=\"0\" marginheight=\"0\" scrolling=\"no\"><\/iframe>\n<\/div><\/figure>\n\n\n\n<figure class=\"wp-block-embed-youtube wp-block-embed is-type-video is-provider-youtube wp-embed-aspect-16-9 wp-has-aspect-ratio\"><div class=\"wp-block-embed__wrapper\">\n<iframe loading=\"lazy\" title=\"A lovagkir\u00e1ly Cs\u00edkszentmih\u00e1lyon!\" width=\"700\" height=\"394\" src=\"https:\/\/www.youtube.com\/embed\/QVSEPo4zw3U?feature=oembed\" frameborder=\"0\" allow=\"accelerometer; autoplay; clipboard-write; encrypted-media; gyroscope; picture-in-picture\" allowfullscreen><\/iframe>\n<\/div><\/figure>\n\n\n\n<p><a href=\"https:\/\/lovagkiraly.org\/helyszin\/284-csikszentmihaly\/\" target=\"_blank\" rel=\"noreferrer noopener\">Szent L\u00e1szl\u00f3 fresk\u00f3 (lovagkiraly.org)<\/a><\/p>\n\n\n\n<figure class=\"wp-block-embed-youtube wp-block-embed is-type-video is-provider-youtube wp-embed-aspect-16-9 wp-has-aspect-ratio\"><div class=\"wp-block-embed__wrapper\">\n<iframe loading=\"lazy\" title=\"MAGYARAD\u00c1S \/ Erd\u00e9ly r\u00e9gi templomai \/ Cs\u00edkszentmih\u00e1ly\" width=\"700\" height=\"394\" src=\"https:\/\/www.youtube.com\/embed\/6c-Wt145Llo?feature=oembed\" frameborder=\"0\" allow=\"accelerometer; autoplay; clipboard-write; encrypted-media; gyroscope; picture-in-picture\" allowfullscreen><\/iframe>\n<\/div><figcaption>Felcs\u00edkon t\u00f6bb r\u00e9gi, a maga nem\u00e9ben p\u00e1ratlan \u00e9p\u00edt\u00e9szeti m\u0171eml\u00e9knek sz\u00e1m\u00edt\u00f3 templom v\u00e9szelte \u00e1t a sz\u00e1zadokat. Ezek egyik\u00e9nek, Cs\u00edkszentmih\u00e1ly katolikus templom\u00e1nak falain 15. sz\u00e1zadi falk\u00e9pt\u00f6red\u00e9k is l\u00e1that\u00f3: Szent L\u00e1szl\u00f3 \u00e9s a le\u00e1nyrabl\u00f3 k\u00fan legend\u00e1j\u00e1t \u00f6r\u00f6k\u00edtette meg a hajdani m\u0171v\u00e9sz.<\/figcaption><\/figure>\n\n\n\n<p><strong>M\u00e1s cikkek:<\/strong><\/p>\n\n\n\n<p><a href=\"https:\/\/szekelyhon.ro\/aktualis\/csikszentmihalyi-es-csikajnadi-ennekkarok-ahol-nincs-keses-a-probakrol\">https:\/\/szekelyhon.ro\/aktualis\/csikszentmihalyi-es-csikajnadi-ennekkarok-ahol-nincs-keses-a-probakrol<\/a><\/p>\n\n\n\n<p><a href=\"https:\/\/szekelyhon.ro\/aktualis\/a-tatarbetoresek-aldozataira-emlekeztek-csikszentmihalyon\">https:\/\/szekelyhon.ro\/aktualis\/a-tatarbetoresek-aldozataira-emlekeztek-csikszentmihalyon<\/a><\/p>\n\n\n\n<p><a href=\"https:\/\/szekelyhon.ro\/aktualis\/csikszek\/gulag-emlektablat-avatnak-ajnadon\">https:\/\/szekelyhon.ro\/aktualis\/csikszek\/gulag-emlektablat-avatnak-ajnadon<\/a><\/p>\n\n\n\n<p><a href=\"https:\/\/szekelyhon.ro\/aktualis\/kozossegi-ugy-a-csikajnadi-szent-ilona-kapolna-ujjaepitese\">https:\/\/szekelyhon.ro\/aktualis\/kozossegi-ugy-a-csikajnadi-szent-ilona-kapolna-ujjaepitese<\/a><\/p>\n\n\n\n<p><a href=\"https:\/\/szekelyhon.ro\/aktualis\/kozmunkaval-kezdodott-az-egyhazi-epuletek-felujitasa-csikajnadon\">https:\/\/szekelyhon.ro\/aktualis\/kozmunkaval-kezdodott-az-egyhazi-epuletek-felujitasa-csikajnadon<\/a><\/p>\n","protected":false},"excerpt":{"rendered":"<p>K\u00fcls\u0151 fel\u00faj\u00edt\u00e1s 2019-2020 https:\/\/hargitanepe.ro\/hu\/megujul-a-templom-1596093601867 https:\/\/szekelyhon.ro\/aktualis\/uj-kettos-kereszt-kerult-a-csikszentmihalyi-templom-tornyara Bels\u0151 fel\u00faj\u00edt\u00e1s 2017-2019 https:\/\/szekelyhon.ro\/aktualis\/kozepkori-falkepeket-tartak-fel-a-csikszentmihalyi-templom-felujitasa-soran Szent L\u00e1szl\u00f3 fresk\u00f3 (lovagkiraly.org) M\u00e1s cikkek: https:\/\/szekelyhon.ro\/aktualis\/csikszentmihalyi-es-csikajnadi-ennekkarok-ahol-nincs-keses-a-probakrol https:\/\/szekelyhon.ro\/aktualis\/a-tatarbetoresek-aldozataira-emlekeztek-csikszentmihalyon https:\/\/szekelyhon.ro\/aktualis\/csikszek\/gulag-emlektablat-avatnak-ajnadon https:\/\/szekelyhon.ro\/aktualis\/kozossegi-ugy-a-csikajnadi-szent-ilona-kapolna-ujjaepitese https:\/\/szekelyhon.ro\/aktualis\/kozmunkaval-kezdodott-az-egyhazi-epuletek-felujitasa-csikajnadon<\/p>\n","protected":false},"author":1,"featured_media":0,"parent":0,"menu_order":0,"comment_status":"closed","ping_status":"open","template":"","meta":{"ngg_post_thumbnail":0,"footnotes":""},"class_list":["entry","page","publish","author-egyhaz_hmddw7bu","post-2"],"_links":{"self":[{"href":"https:\/\/www.szentmihaly.ro\/index.php\/wp-json\/wp\/v2\/pages\/2","targetHints":{"allow":["GET"]}}],"collection":[{"href":"https:\/\/www.szentmihaly.ro\/index.php\/wp-json\/wp\/v2\/pages"}],"about":[{"href":"https:\/\/www.szentmihaly.ro\/index.php\/wp-json\/wp\/v2\/types\/page"}],"author":[{"embeddable":true,"href":"https:\/\/www.szentmihaly.ro\/index.php\/wp-json\/wp\/v2\/users\/1"}],"replies":[{"embeddable":true,"href":"https:\/\/www.szentmihaly.ro\/index.php\/wp-json\/wp\/v2\/comments?post=2"}],"version-history":[{"count":9,"href":"https:\/\/www.szentmihaly.ro\/index.php\/wp-json\/wp\/v2\/pages\/2\/revisions"}],"predecessor-version":[{"id":464,"href":"https:\/\/www.szentmihaly.ro\/index.php\/wp-json\/wp\/v2\/pages\/2\/revisions\/464"}],"wp:attachment":[{"href":"https:\/\/www.szentmihaly.ro\/index.php\/wp-json\/wp\/v2\/media?parent=2"}],"curies":[{"name":"wp","href":"https:\/\/api.w.org\/{rel}","templated":true}]}}