{"id":182,"date":"2020-06-16T20:44:17","date_gmt":"2020-06-16T18:44:17","guid":{"rendered":"https:\/\/www.csikszentmihaly.ro\/plebania\/index.php\/sekrestye-megerositese\/"},"modified":"2020-06-21T19:56:14","modified_gmt":"2020-06-21T17:56:14","slug":"sekrestye-megerositese","status":"publish","type":"page","link":"https:\/\/www.szentmihaly.ro\/index.php\/sekrestye-megerositese\/","title":{"rendered":"Sekrestye meger\u0151s\u00edt\u00e9se"},"content":{"rendered":"\n<p>A sekrestye meger\u0151s\u00edt\u00e9s\u00e9t, al\u00e1falaz\u00e1s\u00e1t el\u0151zte meg a r\u00e9g\u00e9szeti felt\u00e1r\u00e1s, amely sor\u00e1n 4 s\u00edr \u00e9s csontv\u00e1z ker\u00fclt el\u0151 (kb. 15-16. sz\u00e1zadb\u00f3l)<\/p>\n\n\nngg_shortcode_0_placeholder","protected":false},"excerpt":{"rendered":"<p>A sekrestye meger\u0151s\u00edt\u00e9s\u00e9t, al\u00e1falaz\u00e1s\u00e1t el\u0151zte meg a r\u00e9g\u00e9szeti felt\u00e1r\u00e1s, amely sor\u00e1n 4 s\u00edr \u00e9s csontv\u00e1z ker\u00fclt el\u0151 (kb. 15-16. sz\u00e1zadb\u00f3l)<\/p>\n","protected":false},"author":1,"featured_media":0,"parent":0,"menu_order":0,"comment_status":"closed","ping_status":"closed","template":"","meta":{"ngg_post_thumbnail":0,"footnotes":""},"class_list":["entry","page","publish","author-egyhaz_hmddw7bu","post-182"],"_links":{"self":[{"href":"https:\/\/www.szentmihaly.ro\/index.php\/wp-json\/wp\/v2\/pages\/182","targetHints":{"allow":["GET"]}}],"collection":[{"href":"https:\/\/www.szentmihaly.ro\/index.php\/wp-json\/wp\/v2\/pages"}],"about":[{"href":"https:\/\/www.szentmihaly.ro\/index.php\/wp-json\/wp\/v2\/types\/page"}],"author":[{"embeddable":true,"href":"https:\/\/www.szentmihaly.ro\/index.php\/wp-json\/wp\/v2\/users\/1"}],"replies":[{"embeddable":true,"href":"https:\/\/www.szentmihaly.ro\/index.php\/wp-json\/wp\/v2\/comments?post=182"}],"version-history":[{"count":2,"href":"https:\/\/www.szentmihaly.ro\/index.php\/wp-json\/wp\/v2\/pages\/182\/revisions"}],"predecessor-version":[{"id":377,"href":"https:\/\/www.szentmihaly.ro\/index.php\/wp-json\/wp\/v2\/pages\/182\/revisions\/377"}],"wp:attachment":[{"href":"https:\/\/www.szentmihaly.ro\/index.php\/wp-json\/wp\/v2\/media?parent=182"}],"curies":[{"name":"wp","href":"https:\/\/api.w.org\/{rel}","templated":true}]}}