{"id":180,"date":"2020-06-16T20:43:47","date_gmt":"2020-06-16T18:43:47","guid":{"rendered":"https:\/\/www.csikszentmihaly.ro\/plebania\/index.php\/belso-felujitas-2\/"},"modified":"2020-06-21T19:58:08","modified_gmt":"2020-06-21T17:58:08","slug":"belso-felujitas-2","status":"publish","type":"page","link":"https:\/\/www.szentmihaly.ro\/index.php\/belso-felujitas-2\/","title":{"rendered":"Bels\u0151 fel\u00faj\u00edt\u00e1s"},"content":{"rendered":"\n<p>Szent L\u00e1szl\u00f3-fresk\u00f3 (1420) \u00e9s t\u00f6rt\u00e9nelmi vakolatok felt\u00e1r\u00e1sa, restaur\u00e1l\u00e1sa, konzerv\u00e1l\u00e1sa, padf\u0171t\u00e9s \u00e9s \u00faj hangos\u00edt\u00e1s beszerel\u00e9se, Szent Mih\u00e1ly olt\u00e1rfestm\u00e9ny restaur\u00e1l\u00e1sa (kb. 1750)<\/p>\n\n\nngg_shortcode_0_placeholder","protected":false},"excerpt":{"rendered":"<p>Szent L\u00e1szl\u00f3-fresk\u00f3 (1420) \u00e9s t\u00f6rt\u00e9nelmi vakolatok felt\u00e1r\u00e1sa, restaur\u00e1l\u00e1sa, konzerv\u00e1l\u00e1sa, padf\u0171t\u00e9s \u00e9s \u00faj hangos\u00edt\u00e1s beszerel\u00e9se, Szent Mih\u00e1ly olt\u00e1rfestm\u00e9ny restaur\u00e1l\u00e1sa (kb. 1750)<\/p>\n","protected":false},"author":1,"featured_media":0,"parent":0,"menu_order":0,"comment_status":"closed","ping_status":"closed","template":"","meta":{"ngg_post_thumbnail":0,"footnotes":""},"class_list":["entry","page","publish","author-egyhaz_hmddw7bu","post-180"],"_links":{"self":[{"href":"https:\/\/www.szentmihaly.ro\/index.php\/wp-json\/wp\/v2\/pages\/180","targetHints":{"allow":["GET"]}}],"collection":[{"href":"https:\/\/www.szentmihaly.ro\/index.php\/wp-json\/wp\/v2\/pages"}],"about":[{"href":"https:\/\/www.szentmihaly.ro\/index.php\/wp-json\/wp\/v2\/types\/page"}],"author":[{"embeddable":true,"href":"https:\/\/www.szentmihaly.ro\/index.php\/wp-json\/wp\/v2\/users\/1"}],"replies":[{"embeddable":true,"href":"https:\/\/www.szentmihaly.ro\/index.php\/wp-json\/wp\/v2\/comments?post=180"}],"version-history":[{"count":2,"href":"https:\/\/www.szentmihaly.ro\/index.php\/wp-json\/wp\/v2\/pages\/180\/revisions"}],"predecessor-version":[{"id":379,"href":"https:\/\/www.szentmihaly.ro\/index.php\/wp-json\/wp\/v2\/pages\/180\/revisions\/379"}],"wp:attachment":[{"href":"https:\/\/www.szentmihaly.ro\/index.php\/wp-json\/wp\/v2\/media?parent=180"}],"curies":[{"name":"wp","href":"https:\/\/api.w.org\/{rel}","templated":true}]}}