{"id":177,"date":"2020-06-16T20:43:26","date_gmt":"2020-06-16T18:43:26","guid":{"rendered":"https:\/\/www.csikszentmihaly.ro\/plebania\/index.php\/torony-allvanyozas\/"},"modified":"2020-06-21T20:01:29","modified_gmt":"2020-06-21T18:01:29","slug":"torony-allvanyozas","status":"publish","type":"page","link":"https:\/\/www.szentmihaly.ro\/index.php\/torony-allvanyozas\/","title":{"rendered":"Torony \u00e1llv\u00e1nyoz\u00e1s"},"content":{"rendered":"\n<p>A 37 m\u00e9ter magas torony fa elemekb\u0151l val\u00f3 \u00e1llv\u00e1nyoz\u00e1sa <\/p>\n\n\nngg_shortcode_0_placeholder","protected":false},"excerpt":{"rendered":"<p>A 37 m\u00e9ter magas torony fa elemekb\u0151l val\u00f3 \u00e1llv\u00e1nyoz\u00e1sa<\/p>\n","protected":false},"author":1,"featured_media":0,"parent":0,"menu_order":0,"comment_status":"closed","ping_status":"closed","template":"","meta":{"ngg_post_thumbnail":0,"footnotes":""},"class_list":["entry","page","publish","author-egyhaz_hmddw7bu","post-177"],"_links":{"self":[{"href":"https:\/\/www.szentmihaly.ro\/index.php\/wp-json\/wp\/v2\/pages\/177","targetHints":{"allow":["GET"]}}],"collection":[{"href":"https:\/\/www.szentmihaly.ro\/index.php\/wp-json\/wp\/v2\/pages"}],"about":[{"href":"https:\/\/www.szentmihaly.ro\/index.php\/wp-json\/wp\/v2\/types\/page"}],"author":[{"embeddable":true,"href":"https:\/\/www.szentmihaly.ro\/index.php\/wp-json\/wp\/v2\/users\/1"}],"replies":[{"embeddable":true,"href":"https:\/\/www.szentmihaly.ro\/index.php\/wp-json\/wp\/v2\/comments?post=177"}],"version-history":[{"count":2,"href":"https:\/\/www.szentmihaly.ro\/index.php\/wp-json\/wp\/v2\/pages\/177\/revisions"}],"predecessor-version":[{"id":383,"href":"https:\/\/www.szentmihaly.ro\/index.php\/wp-json\/wp\/v2\/pages\/177\/revisions\/383"}],"wp:attachment":[{"href":"https:\/\/www.szentmihaly.ro\/index.php\/wp-json\/wp\/v2\/media?parent=177"}],"curies":[{"name":"wp","href":"https:\/\/api.w.org\/{rel}","templated":true}]}}