{"id":174,"date":"2020-06-16T20:42:38","date_gmt":"2020-06-16T18:42:38","guid":{"rendered":"https:\/\/www.csikszentmihaly.ro\/plebania\/index.php\/torony-felujjitas-2\/"},"modified":"2020-06-21T20:00:33","modified_gmt":"2020-06-21T18:00:33","slug":"torony-felujjitas-2","status":"publish","type":"page","link":"https:\/\/www.szentmihaly.ro\/index.php\/torony-felujjitas-2\/","title":{"rendered":"Torony fel\u00faj\u00edt\u00e1s"},"content":{"rendered":"\n<p>A 37 m\u00e9ter magas torony tet\u0151zete meg\u00fajult: f\u00f6d\u00e9s, \u00faj kereszt \u00e9s \u00faj vill\u00e1mh\u00e1r\u00edt\u00f3 ker\u00fclt a toronyra. A toronyd\u00edsz\u00edt\u00e9s \u00e9s r\u00e9gi latin feliratok restaur\u00e1l\u00e1si munk\u00e1ival folytat\u00f3dik\u2026<\/p>\n\n\nngg_shortcode_0_placeholder","protected":false},"excerpt":{"rendered":"<p>A 37 m\u00e9ter magas torony tet\u0151zete meg\u00fajult: f\u00f6d\u00e9s, \u00faj kereszt \u00e9s \u00faj vill\u00e1mh\u00e1r\u00edt\u00f3 ker\u00fclt a toronyra. A toronyd\u00edsz\u00edt\u00e9s \u00e9s r\u00e9gi latin feliratok restaur\u00e1l\u00e1si munk\u00e1ival folytat\u00f3dik\u2026<\/p>\n","protected":false},"author":1,"featured_media":0,"parent":0,"menu_order":0,"comment_status":"closed","ping_status":"closed","template":"","meta":{"ngg_post_thumbnail":0,"footnotes":""},"class_list":["entry","page","publish","author-egyhaz_hmddw7bu","post-174"],"_links":{"self":[{"href":"https:\/\/www.szentmihaly.ro\/index.php\/wp-json\/wp\/v2\/pages\/174","targetHints":{"allow":["GET"]}}],"collection":[{"href":"https:\/\/www.szentmihaly.ro\/index.php\/wp-json\/wp\/v2\/pages"}],"about":[{"href":"https:\/\/www.szentmihaly.ro\/index.php\/wp-json\/wp\/v2\/types\/page"}],"author":[{"embeddable":true,"href":"https:\/\/www.szentmihaly.ro\/index.php\/wp-json\/wp\/v2\/users\/1"}],"replies":[{"embeddable":true,"href":"https:\/\/www.szentmihaly.ro\/index.php\/wp-json\/wp\/v2\/comments?post=174"}],"version-history":[{"count":2,"href":"https:\/\/www.szentmihaly.ro\/index.php\/wp-json\/wp\/v2\/pages\/174\/revisions"}],"predecessor-version":[{"id":382,"href":"https:\/\/www.szentmihaly.ro\/index.php\/wp-json\/wp\/v2\/pages\/174\/revisions\/382"}],"wp:attachment":[{"href":"https:\/\/www.szentmihaly.ro\/index.php\/wp-json\/wp\/v2\/media?parent=174"}],"curies":[{"name":"wp","href":"https:\/\/api.w.org\/{rel}","templated":true}]}}