{"id":172,"date":"2020-06-16T20:41:58","date_gmt":"2020-06-16T18:41:58","guid":{"rendered":"https:\/\/www.csikszentmihaly.ro\/plebania\/index.php\/templomhajo-felujitasa\/"},"modified":"2020-06-21T19:58:38","modified_gmt":"2020-06-21T17:58:38","slug":"templomhajo-felujitasa","status":"publish","type":"page","link":"https:\/\/www.szentmihaly.ro\/index.php\/templomhajo-felujitasa\/","title":{"rendered":"Templomhaj\u00f3 fel\u00faj\u00edt\u00e1sa"},"content":{"rendered":"\n<p>Az \u00e1llv\u00e1nyoz\u00e1s ut\u00e1n a r\u00e9gi cserepek, lemezek leszed\u00e9se k\u00f6vetkezett; a tet\u0151szerkezeti meger\u0151s\u00edt\u00e9s jelenleg zajlik. A restaur\u00e1torok felt\u00e1r\u00f3 kutat\u00e1sokat v\u00e9geztek a k\u00fcls\u0151 falakon, p\u00e1rk\u00e1nyd\u00edsz\u00edt\u00e9st, fresk\u00f3t tal\u00e1ltak. A restaur\u00e1l\u00e1s hamarosan elkezd\u0151dik<\/p>\n\n\nngg_shortcode_0_placeholder","protected":false},"excerpt":{"rendered":"<p>Az \u00e1llv\u00e1nyoz\u00e1s ut\u00e1n a r\u00e9gi cserepek, lemezek leszed\u00e9se k\u00f6vetkezett; a tet\u0151szerkezeti meger\u0151s\u00edt\u00e9s jelenleg zajlik. A restaur\u00e1torok felt\u00e1r\u00f3 kutat\u00e1sokat v\u00e9geztek a k\u00fcls\u0151 falakon, p\u00e1rk\u00e1nyd\u00edsz\u00edt\u00e9st, fresk\u00f3t tal\u00e1ltak. A restaur\u00e1l\u00e1s hamarosan elkezd\u0151dik<\/p>\n","protected":false},"author":1,"featured_media":0,"parent":0,"menu_order":0,"comment_status":"closed","ping_status":"closed","template":"","meta":{"ngg_post_thumbnail":0,"footnotes":""},"class_list":["entry","page","publish","author-egyhaz_hmddw7bu","post-172"],"_links":{"self":[{"href":"https:\/\/www.szentmihaly.ro\/index.php\/wp-json\/wp\/v2\/pages\/172","targetHints":{"allow":["GET"]}}],"collection":[{"href":"https:\/\/www.szentmihaly.ro\/index.php\/wp-json\/wp\/v2\/pages"}],"about":[{"href":"https:\/\/www.szentmihaly.ro\/index.php\/wp-json\/wp\/v2\/types\/page"}],"author":[{"embeddable":true,"href":"https:\/\/www.szentmihaly.ro\/index.php\/wp-json\/wp\/v2\/users\/1"}],"replies":[{"embeddable":true,"href":"https:\/\/www.szentmihaly.ro\/index.php\/wp-json\/wp\/v2\/comments?post=172"}],"version-history":[{"count":1,"href":"https:\/\/www.szentmihaly.ro\/index.php\/wp-json\/wp\/v2\/pages\/172\/revisions"}],"predecessor-version":[{"id":380,"href":"https:\/\/www.szentmihaly.ro\/index.php\/wp-json\/wp\/v2\/pages\/172\/revisions\/380"}],"wp:attachment":[{"href":"https:\/\/www.szentmihaly.ro\/index.php\/wp-json\/wp\/v2\/media?parent=172"}],"curies":[{"name":"wp","href":"https:\/\/api.w.org\/{rel}","templated":true}]}}