{"id":161,"date":"2020-06-16T12:35:21","date_gmt":"2020-06-16T10:35:21","guid":{"rendered":"https:\/\/www.csikszentmihaly.ro\/plebania\/?page_id=161"},"modified":"2020-06-20T20:25:34","modified_gmt":"2020-06-20T18:25:34","slug":"tortenelem","status":"publish","type":"page","link":"https:\/\/www.szentmihaly.ro\/index.php\/tortenelem\/","title":{"rendered":"T\u00f6rt\u00e9net"},"content":{"rendered":"\n<p>A legkor\u00e1bbi egyh\u00e1zk\u00f6zs\u00e9gi t\u00f6rt\u00e9nelmi adat az <strong>1332-1334<\/strong>-es egyh\u00e1zi \u00f6ssze\u00edr\u00e1sok kapcs\u00e1n maradtak fenn, a <strong>p\u00e1pai tizedjegyz\u00e9k<\/strong>ben tal\u00e1ljuk <strong>Sancto Michaele<\/strong> n\u00e9ven a t\u00f6bbi cs\u00edki templomos nagy k\u00f6zs\u00e9ggel egy\u00fctt. Ez a p\u00e1pai dokumentum bizony\u00edtja, hogy az 1300-as \u00e9vek (14. sz\u00e1zad) els\u0151 harmad\u00e1ban Szent Mih\u00e1lynak szentelt templomunk volt.<\/p>\n\n\n\n<p>A 15. sz\u00e1zad elej\u00e9n (<strong>1419-1420<\/strong>) <strong>falfresk\u00f3k<\/strong>kal sz\u00e9p\u00fcl a templombels\u0151 \u00e9szaki fala: <strong>Szent L\u00e1szl\u00f3 legend\u00e1j\u00e1t<\/strong> eleven\u00edti fel (a lovagkir\u00e1ly megmenti &#8211; a kun vit\u00e9z \u00e1ltal &#8211; elrabolt l\u00e1nyt), a k\u00e9t regiszteres (k\u00e9t s\u00e1vos) fresk\u00f3 kieg\u00e9sz\u00edt\u00e9sek\u00e9nt jelenik meg a <strong>K\u00e1lv\u00e1ria-jelenet<\/strong> (Krisztus a kereszten, kereszt t\u00f6v\u00e9ben M\u00e1ria \u00e9s J\u00e1nos). <strong>1457-1467<\/strong> k\u00f6z\u00f6tt \u00e1t\u00e9p\u00edtik a templomot, magas\u00edtj\u00e1k \u00e9s <strong>1501<\/strong>-ben k\u00e9sz\u00fcl el a mai cs\u00facs\u00edves szent\u00e9ly. A h\u00e1rsf\u00e1b\u00f3l k\u00e9sz\u00fclt <strong>Szent Mih\u00e1ly-szobor<\/strong> <strong>1520 <\/strong>k\u00f6r\u00fcl k\u00e9sz\u00fclt el, csaknem 4 \u00e9vsz\u00e1zadon \u00e1t a templom f\u0151olt\u00e1r\u00e1n volt elhelyezve (jelenleg a Cs\u00edki Sz\u00e9kely M\u00fazeumban van).<\/p>\n\n\n\n<p>A <strong>tat\u00e1rd\u00fal\u00e1s idej\u00e9n, 1694<\/strong>-ben az egyh\u00e1zk\u00f6zs\u00e9g csaknem teljesen ki\u00fcr\u00fclt, a h\u00edveket (kb. 1000 f\u0151t) \u00e9s papjukat, Kov\u00e1cs P\u00e1lt rabs\u00e1gba hurcolt\u00e1k. Az egyh\u00e1zk\u00f6zs\u00e9get fel\u00e9gett\u00e9k, az egyh\u00e1zi javak (\u00e9p\u00fcletek: pl\u00e9b\u00e1nia, iskola) nagyr\u00e9sze megsemmis\u00fclt. A templom is nagy k\u00e1rokat szenvedett, torny\u00e1t lerombolt\u00e1k, a fresk\u00f3 &#8211; torony fel\u0151li &#8211; kutat\u00e1sa \u00e1ltal kormos k\u00f6vek, vakolatok ker\u00fcltek el\u0151. <strong>1715<\/strong>-ben a <strong>templomtornyot \u00fajj\u00e1\u00e9p\u00edtteti S\u00e1ndor Mih\u00e1ly<\/strong> \u00e9s csal\u00e1dja, h\u00e1l\u00e1b\u00f3l a tat\u00e1r fogs\u00e1gb\u00f3l val\u00f3 szabadul\u00e1s eml\u00e9k\u00e9re.<\/p>\n\n\n\n<p>A pl\u00e9b\u00e1nia az <strong>1717-1719<\/strong> k\u00f6z\u00f6tti <strong>nagy sz\u00e1razs\u00e1g<\/strong> \u00e9s <strong>pestisj\u00e1rv\u00e1ny <\/strong>(fekete hal\u00e1l) idej\u00e9n is m\u0171k\u00f6d\u00f6tt. 1717-ben a somly\u00f3i p\u00e1terek (ferencesek) l\u00e1tj\u00e1k el a pl\u00e9b\u00e1ni\u00e1t, ezt k\u00f6vet\u0151en Gy\u00f6rffy pl\u00e9b\u00e1nos. A pestisj\u00e1rv\u00e1ny idej\u00e9n \u2013 amely szint\u00e9n nagy puszt\u00edt\u00e1st okozott \u2013 meghalt 260 f\u0151, \u00e9letben maradt 301 lakos.<\/p>\n\n\n\n<p>So\u00f3 D\u00e9nes pl\u00e9b\u00e1nos szerint a szentmih\u00e1lyi pl\u00e9b\u00e1ni\u00e1n <strong>1712-t\u0151l <\/strong>vezetik az <strong>anyak\u00f6nyvek<\/strong>et, m\u00e1s forr\u00e1s szerint 1740-t\u0151l. A pl\u00e9b\u00e1ni\u00e1r\u00f3l a r\u00e9gi k\u00f6nyvek, iratok \u00e9s anyak\u00f6nyvek elt\u0171ntek \u2013 val\u00f3sz\u00edn\u0171 a vil\u00e1gh\u00e1bor\u00fak \u00e1ldozat\u00e1v\u00e1 v\u00e1lt -, de a m\u00e1sodp\u00e9ld\u00e1nyok nagy r\u00e9sze 1821-t\u0151l, a gyulafeh\u00e9rv\u00e1ri \u00e9rseki lev\u00e9lt\u00e1rban megvannak. Ugyan\u00edgy a Domus Historia &#8211; egyh\u00e1zk\u00f6zs\u00e9g t\u00f6rt\u00e9nete is odaveszett.<\/p>\n\n\n\n<p>Az egyh\u00e1zk\u00f6zs\u00e9g <strong>fili\u00e1ja<\/strong> t\u00f6bb mint 500 \u00e9ve <strong>Ajn\u00e1d <\/strong>(k\u00e1poln\u00e1j\u00e1t 1514-ben k\u0151b\u0151l \u00e9p\u00edtett\u00e9k, zsindellyel f\u00f6dve, a haj\u00f3 v\u00e9g\u00e9ben fatornyocska 2 kisebb haranggal, Szent Istv\u00e1n kir\u00e1ly tisztelet\u00e9re), valamint kb. 10 \u00e9ven \u00e1t <strong>Gyimes Loka<\/strong> (1775-1786) is idetartozott. 1776-ban a l\u00e9leksz\u00e1m: Szentmih\u00e1ly-Ajn\u00e1d: 598 f\u0151, Gyimes Loka: 204 f\u0151, \u00f6sszesen 802 h\u00edv\u0151.<\/p>\n\n\n\n<p><strong>1765<\/strong>-ben a templom fel\u00faj\u00edt\u00e1s\u00e1ba kezdenek, mivel roml\u00e1snak indult a tet\u0151, illetve a deszkamennyezet, viszont p\u00e9nzhi\u00e1ny miatt a munk\u00e1t csak \u00e9vekkel k\u00e9s\u0151bb tudt\u00e1k befejezni.<\/p>\n\n\n\n<p>A <strong>pl\u00e9b\u00e1nia \u00e9p\u00fclete<\/strong> <strong>1848<\/strong>-ban \u00e9p\u00fclt Gyenge Andr\u00e1s pl\u00e9b\u00e1nos idej\u00e9n, aki 45 \u00e9vet (1810-1855) szolg\u00e1lt a k\u00f6z\u00f6ss\u00e9gben. Az \u0151 munk\u00e1j\u00e1nak eredm\u00e9nye az is, hogy restaur\u00e1lj\u00e1k, kib\u0151v\u00edtik a szentmih\u00e1lyi templomot 1819-ben, <strong>oldalk\u00e1polna<\/strong> \u00e9p\u00fcl, <strong>\u00faj orgona<\/strong> ker\u00fclt(Gross J\u00e1nos k\u00e9sz\u00edtette<strong> 1832<\/strong>-ben), megnyitj\u00e1k a jelenlegi <strong>szentmih\u00e1lyi temet\u0151<\/strong>t (<strong>1817<\/strong>), <strong>kib\u0151v\u00edtik az ajn\u00e1di templom<\/strong>ot (<strong>1844<\/strong>-ben).<em> (Forr\u00e1s: Bogos R\u00f3bert: Cs\u00edkajn\u00e1d 500 \u00e9ve c\u00edm\u0171 monogr\u00e1fia, 2014)<\/em><\/p>\n\n\n\n<p class=\"has-text-align-center\"><a href=\"https:\/\/www.csikszentmihaly.ro\/plebania\/index.php\/az-egyhazkozsegben-szuletett-papok\/\">Az egyh\u00e1zk\u00f6zs\u00e9gben sz\u00fcletett papok &gt;&gt;<\/a><\/p>\n\n\n\n<p class=\"has-text-color has-text-align-center has-very-dark-gray-color\"><a href=\"https:\/\/www.csikszentmihaly.ro\/plebania\/index.php\/csikszentmihaly-ajnad-egyhazkozsegben-szolgalo-papok\/\">Az egyh\u00e1zk\u00f6zs\u00e9gben szolg\u00e1l\u00f3 papok &gt;&gt;<\/a><\/p>\n","protected":false},"excerpt":{"rendered":"<p>A legkor\u00e1bbi egyh\u00e1zk\u00f6zs\u00e9gi t\u00f6rt\u00e9nelmi adat az 1332-1334-es egyh\u00e1zi \u00f6ssze\u00edr\u00e1sok kapcs\u00e1n maradtak fenn, a p\u00e1pai tizedjegyz\u00e9kben tal\u00e1ljuk Sancto Michaele n\u00e9ven a t\u00f6bbi cs\u00edki templomos nagy k\u00f6zs\u00e9ggel egy\u00fctt. Ez a p\u00e1pai dokumentum bizony\u00edtja, hogy az 1300-as \u00e9vek (14. sz\u00e1zad) els\u0151 harmad\u00e1ban Szent Mih\u00e1lynak szentelt templomunk volt. A 15. sz\u00e1zad elej\u00e9n (1419-1420) falfresk\u00f3kkal sz\u00e9p\u00fcl a templombels\u0151 \u00e9szaki fala: &#8230; <span class=\"more\"><a class=\"more-link\" href=\"https:\/\/www.szentmihaly.ro\/index.php\/tortenelem\/\">[Tov\u00e1bb&#8230;]<\/a><\/span><\/p>\n","protected":false},"author":1,"featured_media":0,"parent":0,"menu_order":0,"comment_status":"closed","ping_status":"closed","template":"","meta":{"ngg_post_thumbnail":0,"footnotes":""},"class_list":["entry","page","publish","author-egyhaz_hmddw7bu","post-161"],"_links":{"self":[{"href":"https:\/\/www.szentmihaly.ro\/index.php\/wp-json\/wp\/v2\/pages\/161","targetHints":{"allow":["GET"]}}],"collection":[{"href":"https:\/\/www.szentmihaly.ro\/index.php\/wp-json\/wp\/v2\/pages"}],"about":[{"href":"https:\/\/www.szentmihaly.ro\/index.php\/wp-json\/wp\/v2\/types\/page"}],"author":[{"embeddable":true,"href":"https:\/\/www.szentmihaly.ro\/index.php\/wp-json\/wp\/v2\/users\/1"}],"replies":[{"embeddable":true,"href":"https:\/\/www.szentmihaly.ro\/index.php\/wp-json\/wp\/v2\/comments?post=161"}],"version-history":[{"count":8,"href":"https:\/\/www.szentmihaly.ro\/index.php\/wp-json\/wp\/v2\/pages\/161\/revisions"}],"predecessor-version":[{"id":336,"href":"https:\/\/www.szentmihaly.ro\/index.php\/wp-json\/wp\/v2\/pages\/161\/revisions\/336"}],"wp:attachment":[{"href":"https:\/\/www.szentmihaly.ro\/index.php\/wp-json\/wp\/v2\/media?parent=161"}],"curies":[{"name":"wp","href":"https:\/\/api.w.org\/{rel}","templated":true}]}}