{"id":115,"date":"2020-06-07T22:20:07","date_gmt":"2020-06-07T20:20:07","guid":{"rendered":"https:\/\/www.csikszentmihaly.ro\/plebania\/index.php\/kereszt-feltevese\/"},"modified":"2020-06-22T16:15:47","modified_gmt":"2020-06-22T14:15:47","slug":"kereszt-feltevese","status":"publish","type":"page","link":"https:\/\/www.szentmihaly.ro\/index.php\/kereszt-feltevese\/","title":{"rendered":"K\u00e9pek"},"content":{"rendered":"\n<figure class=\"wp-block-image size-large\"><a href=\"https:\/\/www.csikszentmihaly.ro\/plebania\/index.php\/torony-felujjitas-2\/\"><img loading=\"lazy\" decoding=\"async\" width=\"980\" height=\"489\" src=\"https:\/\/www.csikszentmihaly.ro\/plebania\/wp-content\/uploads\/2020\/06\/fejlec4.jpg\" alt=\"\" class=\"wp-image-153\" srcset=\"https:\/\/www.szentmihaly.ro\/wp-content\/uploads\/2020\/06\/fejlec4.jpg 980w, https:\/\/www.szentmihaly.ro\/wp-content\/uploads\/2020\/06\/fejlec4-300x150.jpg 300w, https:\/\/www.szentmihaly.ro\/wp-content\/uploads\/2020\/06\/fejlec4-768x383.jpg 768w\" sizes=\"auto, (max-width: 980px) 100vw, 980px\" \/><\/a><figcaption><strong>Torony feljav\u00edt\u00e1sa <\/strong><br>(A 37 m\u00e9ter magas torony tet\u0151zete meg\u00fajult: f\u00f6d\u00e9s, \u00faj kereszt \u00e9s \u00faj vill\u00e1mh\u00e1r\u00edt\u00f3 ker\u00fclt a toronyra. A toronyd\u00edsz\u00edt\u00e9s \u00e9s r\u00e9gi latin feliratok restaur\u00e1l\u00e1si munk\u00e1ival folytat\u00f3dik\u2026)<\/figcaption><\/figure>\n\n\n\n<figure class=\"wp-block-image size-large\"><a href=\"https:\/\/www.csikszentmihaly.ro\/plebania\/index.php\/templomhajo-felujitasa\/\"><img loading=\"lazy\" decoding=\"async\" width=\"1024\" height=\"768\" src=\"https:\/\/www.csikszentmihaly.ro\/plebania\/wp-content\/uploads\/2020\/06\/Haj\u00f38-1024x768.jpg\" alt=\"\" class=\"wp-image-252\" srcset=\"https:\/\/www.szentmihaly.ro\/wp-content\/uploads\/2020\/06\/Haj\u00f38-1024x768.jpg 1024w, https:\/\/www.szentmihaly.ro\/wp-content\/uploads\/2020\/06\/Haj\u00f38-300x225.jpg 300w, https:\/\/www.szentmihaly.ro\/wp-content\/uploads\/2020\/06\/Haj\u00f38-768x576.jpg 768w, https:\/\/www.szentmihaly.ro\/wp-content\/uploads\/2020\/06\/Haj\u00f38-1536x1152.jpg 1536w, https:\/\/www.szentmihaly.ro\/wp-content\/uploads\/2020\/06\/Haj\u00f38-2048x1536.jpg 2048w\" sizes=\"auto, (max-width: 1024px) 100vw, 1024px\" \/><\/a><figcaption><strong>Templomhaj\u00f3 feljav\u00edt\u00e1sa <\/strong><br>(Az \u00e1llv\u00e1nyoz\u00e1s ut\u00e1n a r\u00e9gi cserepek, lemezek leszed\u00e9se k\u00f6vetkezett; a tet\u0151szerkezeti meger\u0151s\u00edt\u00e9s jelenleg zajlik. A restaur\u00e1torok felt\u00e1r\u00f3 kutat\u00e1sokat v\u00e9geztek a k\u00fcls\u0151 falakon, p\u00e1rk\u00e1nyd\u00edsz\u00edt\u00e9st, fresk\u00f3t tal\u00e1ltak. A restaur\u00e1l\u00e1s hamarosan elkezd\u0151dik.)<\/figcaption><\/figure>\n\n\n\n<figure class=\"wp-block-image size-large\"><a href=\"https:\/\/www.csikszentmihaly.ro\/plebania\/index.php\/sekrestye-megerositese\/\"><img loading=\"lazy\" decoding=\"async\" width=\"1024\" height=\"768\" src=\"https:\/\/www.csikszentmihaly.ro\/plebania\/wp-content\/uploads\/2020\/06\/Sekrestye2-1024x768.jpg\" alt=\"\" class=\"wp-image-255\" srcset=\"https:\/\/www.szentmihaly.ro\/wp-content\/uploads\/2020\/06\/Sekrestye2-1024x768.jpg 1024w, https:\/\/www.szentmihaly.ro\/wp-content\/uploads\/2020\/06\/Sekrestye2-300x225.jpg 300w, https:\/\/www.szentmihaly.ro\/wp-content\/uploads\/2020\/06\/Sekrestye2-768x576.jpg 768w, https:\/\/www.szentmihaly.ro\/wp-content\/uploads\/2020\/06\/Sekrestye2-1536x1152.jpg 1536w, https:\/\/www.szentmihaly.ro\/wp-content\/uploads\/2020\/06\/Sekrestye2-2048x1536.jpg 2048w\" sizes=\"auto, (max-width: 1024px) 100vw, 1024px\" \/><\/a><figcaption><strong>Sekrestye meger\u0151s\u00edt\u00e9se<\/strong><br>(A sekrestye meger\u0151s\u00edt\u00e9s\u00e9t, al\u00e1falaz\u00e1s\u00e1t el\u0151zte meg a r\u00e9g\u00e9szeti felt\u00e1r\u00e1s, amely sor\u00e1n 4 s\u00edr \u00e9s csontv\u00e1z ker\u00fclt el\u0151 (kb. 15-16. sz\u00e1zadb\u00f3l))<\/figcaption><\/figure>\n\n\n\n<figure class=\"wp-block-image size-large\"><a href=\"https:\/\/www.csikszentmihaly.ro\/plebania\/index.php\/torony-allvanyozas\/\"><img loading=\"lazy\" decoding=\"async\" width=\"1024\" height=\"768\" src=\"https:\/\/www.csikszentmihaly.ro\/plebania\/wp-content\/uploads\/2020\/06\/Torony3-1024x768.jpg\" alt=\"\" class=\"wp-image-188\" srcset=\"https:\/\/www.szentmihaly.ro\/wp-content\/uploads\/2020\/06\/Torony3-1024x768.jpg 1024w, https:\/\/www.szentmihaly.ro\/wp-content\/uploads\/2020\/06\/Torony3-300x225.jpg 300w, https:\/\/www.szentmihaly.ro\/wp-content\/uploads\/2020\/06\/Torony3-768x576.jpg 768w, https:\/\/www.szentmihaly.ro\/wp-content\/uploads\/2020\/06\/Torony3-1536x1152.jpg 1536w, https:\/\/www.szentmihaly.ro\/wp-content\/uploads\/2020\/06\/Torony3-2048x1536.jpg 2048w\" sizes=\"auto, (max-width: 1024px) 100vw, 1024px\" \/><\/a><figcaption><strong>Torony \u00e1llv\u00e1nyoz\u00e1sa<\/strong><\/figcaption><\/figure>\n\n\n\n<figure class=\"wp-block-image size-large\"><a href=\"https:\/\/www.csikszentmihaly.ro\/plebania\/index.php\/belso-felujitas-2\/\"><img loading=\"lazy\" decoding=\"async\" width=\"980\" height=\"489\" src=\"https:\/\/www.csikszentmihaly.ro\/plebania\/wp-content\/uploads\/2020\/06\/fejlec3.jpg\" alt=\"\" class=\"wp-image-152\" srcset=\"https:\/\/www.szentmihaly.ro\/wp-content\/uploads\/2020\/06\/fejlec3.jpg 980w, https:\/\/www.szentmihaly.ro\/wp-content\/uploads\/2020\/06\/fejlec3-300x150.jpg 300w, https:\/\/www.szentmihaly.ro\/wp-content\/uploads\/2020\/06\/fejlec3-768x383.jpg 768w\" sizes=\"auto, (max-width: 980px) 100vw, 980px\" \/><\/a><figcaption><strong>Bels\u0151 fel\u00faj\u00edt\u00e1s <\/strong><br>(Szent L\u00e1szl\u00f3-fresk\u00f3 (1420) \u00e9s t\u00f6rt\u00e9nelmi vakolatok felt\u00e1r\u00e1sa, restaur\u00e1l\u00e1sa, konzerv\u00e1l\u00e1sa, padf\u0171t\u00e9s \u00e9s \u00faj hangos\u00edt\u00e1s beszerel\u00e9se, Szent Mih\u00e1ly olt\u00e1rfestm\u00e9ny restaur\u00e1l\u00e1sa (kb. 1750))<br><\/figcaption><\/figure>\n\n\n\n<p class=\"has-text-align-center\"><strong>A fot\u00f3kat k\u00e9sz\u00edtette Bogos R\u00f3bert, Fodor Zolt\u00e1n<\/strong>.<\/p>\n","protected":false},"excerpt":{"rendered":"<p>A fot\u00f3kat k\u00e9sz\u00edtette Bogos R\u00f3bert, Fodor Zolt\u00e1n.<\/p>\n","protected":false},"author":1,"featured_media":0,"parent":0,"menu_order":0,"comment_status":"closed","ping_status":"closed","template":"","meta":{"ngg_post_thumbnail":0,"footnotes":""},"class_list":["entry","page","publish","author-egyhaz_hmddw7bu","post-115"],"_links":{"self":[{"href":"https:\/\/www.szentmihaly.ro\/index.php\/wp-json\/wp\/v2\/pages\/115","targetHints":{"allow":["GET"]}}],"collection":[{"href":"https:\/\/www.szentmihaly.ro\/index.php\/wp-json\/wp\/v2\/pages"}],"about":[{"href":"https:\/\/www.szentmihaly.ro\/index.php\/wp-json\/wp\/v2\/types\/page"}],"author":[{"embeddable":true,"href":"https:\/\/www.szentmihaly.ro\/index.php\/wp-json\/wp\/v2\/users\/1"}],"replies":[{"embeddable":true,"href":"https:\/\/www.szentmihaly.ro\/index.php\/wp-json\/wp\/v2\/comments?post=115"}],"version-history":[{"count":16,"href":"https:\/\/www.szentmihaly.ro\/index.php\/wp-json\/wp\/v2\/pages\/115\/revisions"}],"predecessor-version":[{"id":393,"href":"https:\/\/www.szentmihaly.ro\/index.php\/wp-json\/wp\/v2\/pages\/115\/revisions\/393"}],"wp:attachment":[{"href":"https:\/\/www.szentmihaly.ro\/index.php\/wp-json\/wp\/v2\/media?parent=115"}],"curies":[{"name":"wp","href":"https:\/\/api.w.org\/{rel}","templated":true}]}}